{"id":32,"date":"2025-01-27T15:10:10","date_gmt":"2025-01-27T15:10:10","guid":{"rendered":"https:\/\/wp.odgrenlundh.org\/?page_id=32"},"modified":"2025-09-26T12:59:18","modified_gmt":"2025-09-26T12:59:18","slug":"home","status":"publish","type":"page","link":"https:\/\/wp.odgrenlundh.org\/","title":{"rendered":"Home"},"content":{"rendered":"\n<p>V\u00e4lkommen till familjen \u00d6dgren Lundh! Vi \u00e4r en kreativ familj som \u00e4lskar att 3D-printa. H\u00e4r delar vi med oss av v\u00e5ra senaste projekt \u2013 personliga fidgets designade och tillverkade av oss. Varje fidget \u00e4r unikt och skapat med k\u00e4rlek. Uppt\u00e4ck hur 3D-printning kan skapa roliga och funktionella verktyg f\u00f6r fokus och avkoppling.<\/p>\n\n\n\n<figure class=\"wp-block-image size-large is-resized is-style-rounded\"><img loading=\"lazy\" decoding=\"async\" width=\"1024\" height=\"1024\" src=\"https:\/\/wp.odgrenlundh.org\/wp-content\/uploads\/2025\/01\/Gemini_Generated_Image_borvwkborvwkborv-1024x1024.jpg\" alt=\"\" class=\"wp-image-47\" style=\"width:400px\" srcset=\"https:\/\/wp.odgrenlundh.org\/wp-content\/uploads\/2025\/01\/Gemini_Generated_Image_borvwkborvwkborv-1024x1024.jpg 1024w, https:\/\/wp.odgrenlundh.org\/wp-content\/uploads\/2025\/01\/Gemini_Generated_Image_borvwkborvwkborv-300x300.jpg 300w, https:\/\/wp.odgrenlundh.org\/wp-content\/uploads\/2025\/01\/Gemini_Generated_Image_borvwkborvwkborv-150x150.jpg 150w, https:\/\/wp.odgrenlundh.org\/wp-content\/uploads\/2025\/01\/Gemini_Generated_Image_borvwkborvwkborv-768x768.jpg 768w, https:\/\/wp.odgrenlundh.org\/wp-content\/uploads\/2025\/01\/Gemini_Generated_Image_borvwkborvwkborv-1536x1536.jpg 1536w, https:\/\/wp.odgrenlundh.org\/wp-content\/uploads\/2025\/01\/Gemini_Generated_Image_borvwkborvwkborv.jpg 2048w\" sizes=\"auto, (max-width: 1024px) 100vw, 1024px\" \/><\/figure>\n","protected":false},"excerpt":{"rendered":"<p>V\u00e4lkommen till familjen \u00d6dgren Lundh! Vi \u00e4r en kreativ familj som \u00e4lskar att 3D-printa. H\u00e4r delar vi med oss av v\u00e5ra senaste projekt \u2013 personliga fidgets designade och tillverkade av oss. Varje fidget \u00e4r unikt och skapat med k\u00e4rlek. Uppt\u00e4ck hur 3D-printning kan skapa roliga och funktionella verktyg f\u00f6r fokus och avkoppling.<\/p>\n","protected":false},"author":1,"featured_media":0,"parent":0,"menu_order":0,"comment_status":"closed","ping_status":"closed","template":"","meta":{"footnotes":""},"class_list":["post-32","page","type-page","status-publish"],"_links":{"self":[{"href":"https:\/\/wp.odgrenlundh.org\/index.php?rest_route=\/wp\/v2\/pages\/32","targetHints":{"allow":["GET"]}}],"collection":[{"href":"https:\/\/wp.odgrenlundh.org\/index.php?rest_route=\/wp\/v2\/pages"}],"about":[{"href":"https:\/\/wp.odgrenlundh.org\/index.php?rest_route=\/wp\/v2\/types\/page"}],"author":[{"embeddable":true,"href":"https:\/\/wp.odgrenlundh.org\/index.php?rest_route=\/wp\/v2\/users\/1"}],"replies":[{"embeddable":true,"href":"https:\/\/wp.odgrenlundh.org\/index.php?rest_route=%2Fwp%2Fv2%2Fcomments&post=32"}],"version-history":[{"count":3,"href":"https:\/\/wp.odgrenlundh.org\/index.php?rest_route=\/wp\/v2\/pages\/32\/revisions"}],"predecessor-version":[{"id":49,"href":"https:\/\/wp.odgrenlundh.org\/index.php?rest_route=\/wp\/v2\/pages\/32\/revisions\/49"}],"wp:attachment":[{"href":"https:\/\/wp.odgrenlundh.org\/index.php?rest_route=%2Fwp%2Fv2%2Fmedia&parent=32"}],"curies":[{"name":"wp","href":"https:\/\/api.w.org\/{rel}","templated":true}]}}